{"id":30,"date":"2020-11-16T15:35:27","date_gmt":"2020-11-16T14:35:27","guid":{"rendered":"https:\/\/aprendemendeley.umh.es\/?page_id=30"},"modified":"2023-01-09T12:03:57","modified_gmt":"2023-01-09T11:03:57","slug":"proyecto","status":"publish","type":"page","link":"https:\/\/aprendemendeley.umh.es\/en\/proyecto\/","title":{"rendered":"<span lang=\"es\">(Espa\u00f1ol) Proyecto<\/span>"},"content":{"rendered":"<p><\/p>\n<p>Mercedes Guilabert MoraMercedes Guilabert Mora<br \/>\nUniversidad Miguel Hern\u00e1ndez, Elche.<br \/>\nProfesora contratada doctora del Departamento de Psicolog\u00eda de la Salud de la Universidad Miguel Hern\u00e1ndez de Elche.<br \/>\nDoctora en Psicolog\u00eda por la Universidad Miguel Hern\u00e1ndez de Elche.<br \/>\nHa cursado el programa de Doctorado en \u201cCalidad Asistencial. Atenci\u00f3n sanitaria centrada en el paciente\u201d. M\u00e1ster en Calidad y Seguridad del Paciente. Investigadora colaboradora del grupo de investigaci\u00f3n Calit\u00e9 Investigaci\u00f3n (Psicolog\u00eda de la Salud).<img loading=\"lazy\" src=\"https:\/\/aprendemendeley.umh.es\/files\/2021\/07\/foto_Mercedes_Guilabert.jpeg\" alt=\"\" width=\"80\" height=\"110\" class=\"alignnone size-full wp-image-78\" \/><img loading=\"lazy\" src=\"https:\/\/aprendemendeley.umh.es\/files\/2021\/07\/foto_Mercedes_Guilabert.jpeg\" alt=\"\" width=\"80\" height=\"110\" class=\"alignnone size-full wp-image-78\" \/><\/p>","protected":false},"excerpt":{"rendered":"<p>Mercedes Guilabert MoraMercedes Guilabert Mora<br \/>\nUniversidad Miguel Hern\u00e1ndez, Elche.<br \/>\nProfesora contratada doctora del Departamento de Psicolog\u00eda de la Salud de la Universidad Miguel Hern\u00e1ndez de Elche.<br \/>\nDoctora en Psicolog\u00eda por la Universidad Miguel Hern\u00e1ndez de Elche.<br \/>\nHa cursado el programa de Doctorado en \u201cCalidad Asistencial. Atenci\u00f3n sanitaria centrada en el paciente\u201d. M\u00e1ster en Calidad y Seguridad del Paciente. Investigadora [&#8230;]<\/p>\n","protected":false},"author":1676,"featured_media":0,"parent":0,"menu_order":0,"comment_status":"closed","ping_status":"closed","template":"","meta":{"_links_to":"","_links_to_target":""},"_links":{"self":[{"href":"https:\/\/aprendemendeley.umh.es\/en\/wp-json\/wp\/v2\/pages\/30"}],"collection":[{"href":"https:\/\/aprendemendeley.umh.es\/en\/wp-json\/wp\/v2\/pages"}],"about":[{"href":"https:\/\/aprendemendeley.umh.es\/en\/wp-json\/wp\/v2\/types\/page"}],"author":[{"embeddable":true,"href":"https:\/\/aprendemendeley.umh.es\/en\/wp-json\/wp\/v2\/users\/1676"}],"replies":[{"embeddable":true,"href":"https:\/\/aprendemendeley.umh.es\/en\/wp-json\/wp\/v2\/comments?post=30"}],"version-history":[{"count":0,"href":"https:\/\/aprendemendeley.umh.es\/en\/wp-json\/wp\/v2\/pages\/30\/revisions"}],"wp:attachment":[{"href":"https:\/\/aprendemendeley.umh.es\/en\/wp-json\/wp\/v2\/media?parent=30"}],"curies":[{"name":"wp","href":"https:\/\/api.w.org\/{rel}","templated":true}]}}