{"id":24,"date":"2020-11-16T15:31:14","date_gmt":"2020-11-16T14:31:14","guid":{"rendered":"https:\/\/aprendemendeley.umh.es\/?page_id=24"},"modified":"2023-01-09T12:03:50","modified_gmt":"2023-01-09T11:03:50","slug":"guia","status":"publish","type":"page","link":"https:\/\/aprendemendeley.umh.es\/en\/guia\/","title":{"rendered":"<span lang=\"es\">(Espa\u00f1ol) Gu\u00eda<\/span>"},"content":{"rendered":"<p><img loading=\"lazy\" src=\"https:\/\/aprendemendeley.umh.es\/files\/2021\/07\/figura-1-300x169.png\" alt=\"\" width=\"300\" height=\"169\" class=\"alignnone size-medium wp-image-83\" srcset=\"https:\/\/aprendemendeley.umh.es\/files\/2021\/07\/figura-1-300x169.png 300w, https:\/\/aprendemendeley.umh.es\/files\/2021\/07\/figura-1-768x432.png 768w, https:\/\/aprendemendeley.umh.es\/files\/2021\/07\/figura-1-1024x576.png 1024w\" sizes=\"(max-width: 300px) 100vw, 300px\" \/><\/p>\n<h1 style=\"text-align: left\"><span style=\"font-family: verdana\">Gu\u00eda del gestor bibliogr\u00e1fico Mendeley<\/span><\/h1>\n<h3 style=\"text-align: left\"><span style=\"font-family: verdana\">CONTENIDOS<\/span><\/h3>\n<div style=\"text-align: left\"><span style=\"font-family: verdana\">1.<span>\t<\/span>Introducci\u00f3n<br \/><\/span><\/div>\n<blockquote style=\"border: none;margin: 0px 0px 0px 40px;padding: 0px;text-align: left\">\n<div style=\"text-align: left\"><span style=\"font-family: verdana\">1.1. Tipos de gestores<\/span><\/div>\n<div style=\"text-align: left\"><span style=\"font-family: verdana\">1.2. Qu\u00e9 es Mendeley<\/span><\/div>\n<div style=\"text-align: left\"><span style=\"font-family: verdana\">1.3. Suscripci\u00f3n<\/span><\/div>\n<\/blockquote>\n<blockquote style=\"border: none;margin: 0px 0px 0px 40px;padding: 0px\">\n<div style=\"text-align: left\"><span style=\"font-family: verdana\">1.4. Caracter\u00edsticas principales de Mendeley<\/span><\/div>\n<\/blockquote>\n<div style=\"text-align: left\"><span style=\"font-family: verdana\">2.<span>\t<\/span>Crear una cuenta y descargarse el escritoro<br \/>3.<span>\t<\/span>Mendeley Desktop<br \/><\/span><\/div>\n<blockquote style=\"border: none;margin: 0px 0px 0px 40px;padding: 0px;text-align: left\">\n<div style=\"text-align: left\"><span style=\"font-family: verdana\">3.1. File<\/span><\/div>\n<div style=\"text-align: left\"><span style=\"font-family: verdana\">3.2. Edit<\/span><\/div>\n<div style=\"text-align: left\"><span style=\"font-family: verdana\">3.3. View<\/span><\/div>\n<div style=\"text-align: left\"><span style=\"font-family: verdana\">3.4. Citation style<\/span><\/div>\n<div style=\"text-align: left\"><span style=\"font-family: verdana\">3.5. Tools<\/span><\/div>\n<\/blockquote>\n<div style=\"text-align: left\"><span style=\"font-family: verdana\">4.<span>\t<\/span>A\u00f1adir documentos en la biblioteca<br \/><\/span><\/div>\n<blockquote style=\"border: none;margin: 0px 0px 0px 40px;padding: 0px\">\n<div style=\"text-align: left\"><span style=\"font-family: verdana\">4.1. A\u00f1adir a Mis publicaciones<\/span><\/div>\n<\/blockquote>\n<div style=\"text-align: left\"><span style=\"font-family: verdana\">5.<span>\t<\/span>Organizar y buscar documentos en la biblioteca<br \/>6.<span>\t<\/span>Visor de documentos pdf<br \/>7.<span>\t<\/span>Literature search<br \/>8.<span>\t<\/span>Web importer<br \/><\/span><\/div>\n<blockquote style=\"border: none;margin: 0px 0px 0px 40px;padding: 0px;text-align: left\">\n<div style=\"text-align: left\"><span style=\"font-family: verdana\">8.1. Fuentes con Web Importer<\/span><\/div>\n<div style=\"text-align: left\"><span style=\"font-family: verdana\">8.2. Fuentes con RIS o BIBTEX<\/span><\/div>\n<\/blockquote>\n<div style=\"text-align: left\"><span style=\"font-family: verdana\">9.<span>\t<\/span>C\u00f3mo formatear un manuscrito<br \/>10.<span>\t<\/span>Crear grupos desde la versi\u00f3n escritorio<br \/>11.<span>\t<\/span>Mendeley web<br \/><\/span><\/div>\n<blockquote style=\"border: none;margin: 0px 0px 0px 40px;padding: 0px;text-align: left\">\n<div style=\"text-align: left\"><span style=\"font-family: verdana\">11.1. Mendeley suggest desde Mendeley Web<\/span><\/div>\n<div style=\"text-align: left\"><span style=\"font-family: verdana\">11.2. Mendeley Careers<\/span><\/div>\n<div style=\"text-align: left\"><span style=\"font-family: verdana\">11.3. Mendeley Data<\/span><\/div>\n<div style=\"text-align: left\"><span style=\"font-family: verdana\">11.4. Mendeley Share<\/span><\/div>\n<\/blockquote>\n<div style=\"text-align: left\"><span style=\"font-family: verdana\"><\/p>\n<p><\/span><\/div>\n<p><span style=\"font-family: verdana\">1.<span>\t<\/span>INTRODUCCI\u00d3N<\/span><\/p>\n<p><span style=\"font-family: verdana\">1.1. Tipos de gestores<\/span><\/p>\n<p><span style=\"font-family: verdana\">Existen muchos gestores, todos tienen como principal funci\u00f3n organizar y ayudar en la gesti\u00f3n de referencias bibliogr\u00e1ficas. La mayor\u00eda requieren suscripci\u00f3n de car\u00e1cter institucional, como una base de datos al uso. Por ejemplo, Endnote va unido a la WOK (Web Of Science). El \u00fanico libre es Zotero que se utiliza con Firefox. En Mendeley, tenemos suscripci\u00f3n gratuita y una suscripci\u00f3n m\u00e1s extensa por ser alumnado de la Universidad Miguel Hern\u00e1ndez.<\/span><\/p>\n<p><span style=\"font-family: verdana\"><a href=\"http:\/\/biblioteca.umh.es\/biblioteca-digital\/gestores-bibliograficos-2\/\">http:\/\/biblioteca.umh.es\/biblioteca-digital\/gestores-bibliograficos-2\/<\/a><\/span><\/p>\n<p><span style=\"font-family: verdana\"><br \/><\/span><\/p>\n<p><span style=\"font-family: verdana\">Figura 1. Gestores bibliogr\u00e1ficos.<\/span><\/p>\n<p><img loading=\"lazy\" src=\"https:\/\/aprendemendeley.umh.es\/files\/2021\/07\/figura-1-300x169.png\" alt=\"\" width=\"300\" height=\"169\" class=\"alignnone size-medium wp-image-83\" srcset=\"https:\/\/aprendemendeley.umh.es\/files\/2021\/07\/figura-1-300x169.png 300w, https:\/\/aprendemendeley.umh.es\/files\/2021\/07\/figura-1-768x432.png 768w, https:\/\/aprendemendeley.umh.es\/files\/2021\/07\/figura-1-1024x576.png 1024w\" sizes=\"(max-width: 300px) 100vw, 300px\" \/><\/p>","protected":false},"excerpt":{"rendered":"<p>Gu\u00eda del gestor bibliogr\u00e1fico Mendeley<br \/>\nCONTENIDOS<br \/>\n1.\tIntroducci\u00f3n<\/p>\n<p>1.1. Tipos de gestores<br \/>\n1.2. Qu\u00e9 es Mendeley<br \/>\n1.3. Suscripci\u00f3n<\/p>\n<p>1.4. Caracter\u00edsticas principales de Mendeley<\/p>\n<p>2.\tCrear una cuenta y descargarse el escritoro3.\tMendeley Desktop<\/p>\n<p>3.1. File<br \/>\n3.2. Edit<br \/>\n3.3. View<br \/>\n3.4. Citation style<br \/>\n3.5. Tools<\/p>\n<p>4.\tA\u00f1adir documentos en la biblioteca<\/p>\n<p>4.1. A\u00f1adir a Mis publicaciones<\/p>\n<p>5.\tOrganizar y buscar documentos en la biblioteca6.\tVisor de documentos pdf7.\tLiterature search8.\tWeb importer<\/p>\n<p>8.1. Fuentes con Web Importer<br \/>\n8.2. Fuentes con RIS [&#8230;]<\/p>\n","protected":false},"author":1676,"featured_media":0,"parent":0,"menu_order":0,"comment_status":"closed","ping_status":"closed","template":"","meta":{"_links_to":"","_links_to_target":""},"_links":{"self":[{"href":"https:\/\/aprendemendeley.umh.es\/en\/wp-json\/wp\/v2\/pages\/24"}],"collection":[{"href":"https:\/\/aprendemendeley.umh.es\/en\/wp-json\/wp\/v2\/pages"}],"about":[{"href":"https:\/\/aprendemendeley.umh.es\/en\/wp-json\/wp\/v2\/types\/page"}],"author":[{"embeddable":true,"href":"https:\/\/aprendemendeley.umh.es\/en\/wp-json\/wp\/v2\/users\/1676"}],"replies":[{"embeddable":true,"href":"https:\/\/aprendemendeley.umh.es\/en\/wp-json\/wp\/v2\/comments?post=24"}],"version-history":[{"count":0,"href":"https:\/\/aprendemendeley.umh.es\/en\/wp-json\/wp\/v2\/pages\/24\/revisions"}],"wp:attachment":[{"href":"https:\/\/aprendemendeley.umh.es\/en\/wp-json\/wp\/v2\/media?parent=24"}],"curies":[{"name":"wp","href":"https:\/\/api.w.org\/{rel}","templated":true}]}}